{"id":104,"date":"2023-06-06T15:11:02","date_gmt":"2023-06-06T13:11:02","guid":{"rendered":"https:\/\/www.chill-charge.de\/?page_id=104"},"modified":"2025-01-17T11:36:59","modified_gmt":"2025-01-17T10:36:59","slug":"startseite-2","status":"publish","type":"page","link":"https:\/\/www.chill-charge.de\/?page_id=104","title":{"rendered":"Unser Caf\u00e9"},"content":{"rendered":"\n<div class=\"wp-block-group alignfull has-small-font-size is-content-justification-center is-nowrap is-layout-flex wp-container-core-group-is-layout-7964aaa5 wp-block-group-is-layout-flex\" style=\"padding-top:var(--wp--preset--spacing--40);padding-right:var(--wp--preset--spacing--30);padding-bottom:var(--wp--preset--spacing--40);padding-left:var(--wp--preset--spacing--30)\">\n<div class=\"wp-block-group alignwide\"><div class=\"wp-block-group__inner-container is-layout-constrained wp-block-group-is-layout-constrained\">\n<div class=\"wp-block-group alignfull has-contrast-color has-text-color has-link-color wp-elements-b848ed3bec9a3720bb14aeb73011546e\" style=\"padding-top:var(--wp--preset--spacing--30);padding-right:var(--wp--preset--spacing--30);padding-bottom:var(--wp--preset--spacing--30);padding-left:var(--wp--preset--spacing--30)\"><div class=\"wp-block-group__inner-container is-layout-constrained wp-container-core-group-is-layout-97875daf wp-block-group-is-layout-constrained\">\n<div class=\"wp-block-group alignwide is-content-justification-space-between is-layout-flex wp-container-core-group-is-layout-256aec57 wp-block-group-is-layout-flex\">\n<div class=\"wp-block-group is-layout-flex wp-container-core-group-is-layout-f1ae9f53 wp-block-group-is-layout-flex\">\n<div class=\"wp-block-group is-vertical is-layout-flex wp-container-core-group-is-layout-5d5a54e7 wp-block-group-is-layout-flex\"><h1 class=\"has-link-color wp-elements-d6202aa7d337f2ce08aedc8ed261a84e wp-block-site-title\"><a href=\"https:\/\/www.chill-charge.de\" target=\"_self\" rel=\"home\">Caf\u00e9 Chill&amp;Charge<\/a><\/h1><\/div>\n<\/div>\n<\/div>\n<\/div><\/div>\n<\/div><\/div>\n\n\n\n<figure class=\"wp-block-image size-large\"><img loading=\"lazy\" decoding=\"async\" width=\"1024\" height=\"683\" src=\"https:\/\/www.chill-charge.de\/wp-content\/uploads\/2025\/01\/DSC01257-Verbessert-RR-1024x683.jpg\" alt=\"\" class=\"wp-image-626\" srcset=\"https:\/\/www.chill-charge.de\/wp-content\/uploads\/2025\/01\/DSC01257-Verbessert-RR-1024x683.jpg 1024w, https:\/\/www.chill-charge.de\/wp-content\/uploads\/2025\/01\/DSC01257-Verbessert-RR-300x200.jpg 300w, https:\/\/www.chill-charge.de\/wp-content\/uploads\/2025\/01\/DSC01257-Verbessert-RR-768x512.jpg 768w, https:\/\/www.chill-charge.de\/wp-content\/uploads\/2025\/01\/DSC01257-Verbessert-RR-1536x1024.jpg 1536w, https:\/\/www.chill-charge.de\/wp-content\/uploads\/2025\/01\/DSC01257-Verbessert-RR-2048x1365.jpg 2048w\" sizes=\"auto, (max-width: 767px) 89vw, (max-width: 1000px) 54vw, (max-width: 1071px) 543px, 580px\" \/><\/figure>\n<\/div>\n\n\n\n<figure class=\"wp-block-image size-large\"><img loading=\"lazy\" decoding=\"async\" width=\"683\" height=\"1024\" src=\"https:\/\/www.chill-charge.de\/wp-content\/uploads\/2025\/01\/DSC01229-683x1024.jpg\" alt=\"\" class=\"wp-image-623\" srcset=\"https:\/\/www.chill-charge.de\/wp-content\/uploads\/2025\/01\/DSC01229-683x1024.jpg 683w, https:\/\/www.chill-charge.de\/wp-content\/uploads\/2025\/01\/DSC01229-200x300.jpg 200w, https:\/\/www.chill-charge.de\/wp-content\/uploads\/2025\/01\/DSC01229-768x1152.jpg 768w, https:\/\/www.chill-charge.de\/wp-content\/uploads\/2025\/01\/DSC01229-1024x1536.jpg 1024w, https:\/\/www.chill-charge.de\/wp-content\/uploads\/2025\/01\/DSC01229-1365x2048.jpg 1365w, https:\/\/www.chill-charge.de\/wp-content\/uploads\/2025\/01\/DSC01229-scaled.jpg 1707w\" sizes=\"auto, (max-width: 683px) 100vw, 683px\" \/><\/figure>\n\n\n\n<div class=\"wp-block-media-text alignwide is-stacked-on-mobile is-vertically-aligned-center\"><figure class=\"wp-block-media-text__media\"><img loading=\"lazy\" decoding=\"async\" width=\"1024\" height=\"683\" src=\"https:\/\/www.chill-charge.de\/wp-content\/uploads\/2025\/01\/print_2211-1156_DS406653-1024x683.jpg\" alt=\"\" class=\"wp-image-575 size-full\" srcset=\"https:\/\/www.chill-charge.de\/wp-content\/uploads\/2025\/01\/print_2211-1156_DS406653-1024x683.jpg 1024w, https:\/\/www.chill-charge.de\/wp-content\/uploads\/2025\/01\/print_2211-1156_DS406653-300x200.jpg 300w, https:\/\/www.chill-charge.de\/wp-content\/uploads\/2025\/01\/print_2211-1156_DS406653-768x512.jpg 768w, https:\/\/www.chill-charge.de\/wp-content\/uploads\/2025\/01\/print_2211-1156_DS406653-1536x1025.jpg 1536w, https:\/\/www.chill-charge.de\/wp-content\/uploads\/2025\/01\/print_2211-1156_DS406653-2048x1366.jpg 2048w\" sizes=\"auto, (max-width: 767px) 89vw, (max-width: 1000px) 54vw, (max-width: 1071px) 543px, 580px\" \/><\/figure><div class=\"wp-block-media-text__content\">\n<p class=\"has-text-align-left\"><strong>Inmitten des Kurortes Burg Spreewald l\u00e4dt unser gem\u00fctliches Caf\u00e9 Chill&amp;Charge zum Entspannen und Genie\u00dfen ein. &nbsp;<\/strong><\/p>\n\n\n\n<figure class=\"wp-block-image size-large\"><img loading=\"lazy\" decoding=\"async\" width=\"1024\" height=\"683\" src=\"https:\/\/www.chill-charge.de\/wp-content\/uploads\/2025\/01\/DSC01188-1-1024x683.jpg\" alt=\"\" class=\"wp-image-628\" srcset=\"https:\/\/www.chill-charge.de\/wp-content\/uploads\/2025\/01\/DSC01188-1-1024x683.jpg 1024w, https:\/\/www.chill-charge.de\/wp-content\/uploads\/2025\/01\/DSC01188-1-300x200.jpg 300w, https:\/\/www.chill-charge.de\/wp-content\/uploads\/2025\/01\/DSC01188-1-768x512.jpg 768w, https:\/\/www.chill-charge.de\/wp-content\/uploads\/2025\/01\/DSC01188-1-1536x1024.jpg 1536w, https:\/\/www.chill-charge.de\/wp-content\/uploads\/2025\/01\/DSC01188-1-2048x1365.jpg 2048w\" sizes=\"auto, (max-width: 767px) 89vw, (max-width: 1000px) 54vw, (max-width: 1071px) 543px, 580px\" \/><\/figure>\n<\/div><\/div>\n\n\n\n<div class=\"wp-block-group\"><div class=\"wp-block-group__inner-container is-layout-constrained wp-block-group-is-layout-constrained\">\n<div class=\"wp-block-buttons is-content-justification-center is-layout-flex wp-container-core-buttons-is-layout-51f7783f wp-block-buttons-is-layout-flex\">\n<div class=\"wp-block-button has-custom-width wp-block-button__width-100 has-custom-font-size is-style-outline has-medium-font-size is-style-outline--1\"><a class=\"wp-block-button__link has-text-align-center wp-element-button\" href=\"https:\/\/www.chill-charge.de\/?page_id=2\" style=\"border-radius:100px\">Zur Speisekarte<\/a><\/div>\n<\/div>\n<\/div><\/div>\n\n\n\n<div style=\"height:80px\" aria-hidden=\"true\" class=\"wp-block-spacer\"><\/div>\n\n\n\n<div class=\"wp-block-group\"><div class=\"wp-block-group__inner-container is-layout-constrained wp-block-group-is-layout-constrained\">\n<div class=\"wp-block-columns is-layout-flex wp-container-core-columns-is-layout-9d6595d7 wp-block-columns-is-layout-flex\">\n<div class=\"wp-block-column is-vertically-aligned-center is-layout-flow wp-block-column-is-layout-flow\">\n<div class=\"wp-block-columns is-layout-flex wp-container-core-columns-is-layout-9d6595d7 wp-block-columns-is-layout-flex\">\n<div class=\"wp-block-column is-layout-flow wp-block-column-is-layout-flow\">\n<figure class=\"wp-block-image size-large\"><img loading=\"lazy\" decoding=\"async\" width=\"768\" height=\"1024\" src=\"https:\/\/www.chill-charge.de\/wp-content\/uploads\/2025\/01\/QVBA7951-768x1024.jpg\" alt=\"\" class=\"wp-image-579\" srcset=\"https:\/\/www.chill-charge.de\/wp-content\/uploads\/2025\/01\/QVBA7951-768x1024.jpg 768w, https:\/\/www.chill-charge.de\/wp-content\/uploads\/2025\/01\/QVBA7951-225x300.jpg 225w, https:\/\/www.chill-charge.de\/wp-content\/uploads\/2025\/01\/QVBA7951-1152x1536.jpg 1152w, https:\/\/www.chill-charge.de\/wp-content\/uploads\/2025\/01\/QVBA7951.jpg 1536w\" sizes=\"auto, (max-width: 767px) 89vw, (max-width: 1000px) 54vw, (max-width: 1071px) 543px, 580px\" \/><\/figure>\n\n\n\n<p style=\"font-size:14px\">Von Fr\u00fchst\u00fcck \u00fcber Snacks bis zu selbst gebackenen Torten wird auf herausragende Qualit\u00e4t geachtet.<\/p>\n<\/div>\n\n\n\n<div class=\"wp-block-column is-layout-flow wp-block-column-is-layout-flow\">\n<figure class=\"wp-block-image size-large\"><img loading=\"lazy\" decoding=\"async\" width=\"1024\" height=\"768\" src=\"https:\/\/www.chill-charge.de\/wp-content\/uploads\/2025\/01\/P1090983-1024x768.jpg\" alt=\"\" class=\"wp-image-577\" srcset=\"https:\/\/www.chill-charge.de\/wp-content\/uploads\/2025\/01\/P1090983-1024x768.jpg 1024w, https:\/\/www.chill-charge.de\/wp-content\/uploads\/2025\/01\/P1090983-300x225.jpg 300w, https:\/\/www.chill-charge.de\/wp-content\/uploads\/2025\/01\/P1090983-768x576.jpg 768w, https:\/\/www.chill-charge.de\/wp-content\/uploads\/2025\/01\/P1090983-1536x1152.jpg 1536w, https:\/\/www.chill-charge.de\/wp-content\/uploads\/2025\/01\/P1090983-2048x1536.jpg 2048w\" sizes=\"auto, (max-width: 767px) 89vw, (max-width: 1000px) 54vw, (max-width: 1071px) 543px, 580px\" \/><\/figure>\n\n\n\n<p style=\"font-size:14px\">Wir k\u00f6nnen als Exklusiv-Anbieter der Dessert-T\u00f6rtchen des Luckauer Konditors Ren\u00e9 Klinkm\u00fcller eine ausgew\u00e4hlte Vielfalt bieten.<\/p>\n<\/div>\n<\/div>\n<\/div>\n<\/div>\n<\/div><\/div>\n\n\n\n<hr class=\"wp-block-separator has-alpha-channel-opacity is-style-wide\"\/>\n\n\n\n<div class=\"wp-block-buttons is-content-justification-space-between is-layout-flex wp-container-core-buttons-is-layout-e1f24697 wp-block-buttons-is-layout-flex\">\n<div class=\"wp-block-button has-custom-width wp-block-button__width-100 has-custom-font-size is-style-outline has-medium-font-size is-style-outline--2\"><a class=\"wp-block-button__link wp-element-button\" href=\"https:\/\/www.chill-charge.de\/?page_id=65\" style=\"border-radius:100px\">Jetzt Reservieren!<\/a><\/div>\n<\/div>\n\n\n\n<div style=\"height:80px\" aria-hidden=\"true\" class=\"wp-block-spacer\"><\/div>\n\n\n\n<div class=\"wp-block-group\"><div class=\"wp-block-group__inner-container is-layout-constrained wp-block-group-is-layout-constrained\">\n<div class=\"wp-block-columns is-layout-flex wp-container-core-columns-is-layout-9d6595d7 wp-block-columns-is-layout-flex\">\n<div class=\"wp-block-column is-vertically-aligned-center is-layout-flow wp-block-column-is-layout-flow\"><\/div>\n<\/div>\n<\/div><\/div>\n\n\n\n<figure class=\"wp-block-image size-large\"><img loading=\"lazy\" decoding=\"async\" width=\"683\" height=\"1024\" src=\"https:\/\/www.chill-charge.de\/wp-content\/uploads\/2025\/01\/DSC01306-683x1024.jpg\" alt=\"\" class=\"wp-image-627\" srcset=\"https:\/\/www.chill-charge.de\/wp-content\/uploads\/2025\/01\/DSC01306-683x1024.jpg 683w, https:\/\/www.chill-charge.de\/wp-content\/uploads\/2025\/01\/DSC01306-200x300.jpg 200w, https:\/\/www.chill-charge.de\/wp-content\/uploads\/2025\/01\/DSC01306-768x1152.jpg 768w, https:\/\/www.chill-charge.de\/wp-content\/uploads\/2025\/01\/DSC01306-1024x1536.jpg 1024w, https:\/\/www.chill-charge.de\/wp-content\/uploads\/2025\/01\/DSC01306-1365x2048.jpg 1365w, https:\/\/www.chill-charge.de\/wp-content\/uploads\/2025\/01\/DSC01306-scaled.jpg 1707w\" sizes=\"auto, (max-width: 683px) 100vw, 683px\" \/><\/figure>\n\n\n\n<p><\/p>\n\n\n\n<p><\/p>\n\n\n","protected":false},"excerpt":{"rendered":"<p>Von Fr\u00fchst\u00fcck \u00fcber Snacks bis zu selbst gebackenen Torten wird auf herausragende Qualit\u00e4t geachtet. Wir k\u00f6nnen als Exklusiv-Anbieter der Dessert-T\u00f6rtchen des Luckauer Konditors Ren\u00e9 Klinkm\u00fcller eine ausgew\u00e4hlte Vielfalt bieten.<\/p>\n","protected":false},"author":2,"featured_media":0,"parent":0,"menu_order":1,"comment_status":"closed","ping_status":"closed","template":"","meta":{"footnotes":""},"class_list":["post-104","page","type-page","status-publish","hentry"],"_links":{"self":[{"href":"https:\/\/www.chill-charge.de\/index.php?rest_route=\/wp\/v2\/pages\/104","targetHints":{"allow":["GET"]}}],"collection":[{"href":"https:\/\/www.chill-charge.de\/index.php?rest_route=\/wp\/v2\/pages"}],"about":[{"href":"https:\/\/www.chill-charge.de\/index.php?rest_route=\/wp\/v2\/types\/page"}],"author":[{"embeddable":true,"href":"https:\/\/www.chill-charge.de\/index.php?rest_route=\/wp\/v2\/users\/2"}],"replies":[{"embeddable":true,"href":"https:\/\/www.chill-charge.de\/index.php?rest_route=%2Fwp%2Fv2%2Fcomments&post=104"}],"version-history":[{"count":47,"href":"https:\/\/www.chill-charge.de\/index.php?rest_route=\/wp\/v2\/pages\/104\/revisions"}],"predecessor-version":[{"id":640,"href":"https:\/\/www.chill-charge.de\/index.php?rest_route=\/wp\/v2\/pages\/104\/revisions\/640"}],"wp:attachment":[{"href":"https:\/\/www.chill-charge.de\/index.php?rest_route=%2Fwp%2Fv2%2Fmedia&parent=104"}],"curies":[{"name":"wp","href":"https:\/\/api.w.org\/{rel}","templated":true}]}}