{"id":229,"date":"2023-06-09T12:48:26","date_gmt":"2023-06-09T10:48:26","guid":{"rendered":"https:\/\/www.chill-charge.de\/?page_id=229"},"modified":"2023-09-06T10:37:26","modified_gmt":"2023-09-06T08:37:26","slug":"impressum","status":"publish","type":"page","link":"https:\/\/www.chill-charge.de\/?page_id=229","title":{"rendered":"Impressum"},"content":{"rendered":"\n<h3 class=\"wp-block-heading\">SPREEWALD ENERGY GMBH<\/h3>\n\n\n\n<p>Waldstr. 5<br>15913 Neu Zauche<\/p>\n\n\n\n<p>Telefon:&nbsp;035475 800692<br>Mobil:&nbsp;0174 3438823<br>Fax:&nbsp;035475 800689<\/p>\n\n\n\n<p>E-Mail:&nbsp;<a href=\"mailto:info@spreewald-energy.de\">info@spreewald-energy.de<br><\/a>Internet:&nbsp;<a href=\"https:\/\/www.spreewald-energy.de\/\" target=\"_blank\" rel=\"noreferrer noopener\">www.spreewald-energy.de<\/a><\/p>\n\n\n\n<p>Gesch\u00e4ftsf\u00fchrer: Heiko Lehmann<\/p>\n\n\n\n<p>Eingetragen beim:&nbsp;Amtsgericht Cottbus<\/p>\n\n\n\n<p>Handelsregister-Nr.:&nbsp;HRB 9041 CB<br>Steuernummer:&nbsp;049\/118\/03378<br>USt-IdNr.:&nbsp;DE 279502344<br>Elektro-Installateurverzeichnis:&nbsp;MITNETZ STROM<br>Installateurverzeichnis:<br>Lausitzer Wassergesellschaft<\/p>\n\n\n\n<h2 class=\"wp-block-heading\">STREITSCHLICHTUNG<\/h2>\n\n\n\n<p>Die Europ\u00e4ische Kommission stellt eine Plattform zur Online-Streitbeilegung (OS) bereit:&nbsp;<a href=\"https:\/\/ec.europa.eu\/consumers\/odr\" target=\"_blank\" rel=\"noreferrer noopener\">https:\/\/ec.europa.eu\/consumers\/odr<\/a>.<br>Unsere E-Mail-Adresse finden Sie oben im Impressum.<\/p>\n\n\n\n<p>Wir sind nicht bereit oder verpflichtet, an Streitbeilegungsverfahren vor einer Verbraucherschlichtungsstelle teilzunehmen.<\/p>\n\n\n\n<h2 class=\"wp-block-heading\">HAFTUNGSAUSSCHLUSS<\/h2>\n\n\n\n<h3 class=\"wp-block-heading\">1. INHALT DER HOMEPAGE<\/h3>\n\n\n\n<p>F\u00fcr die Aktualit\u00e4t, Korrektheit, Vollst\u00e4ndigkeit oder die Qualit\u00e4t der auf dieser Homepage bereitgestellten Informationen \u00fcbernimmt der Autor keinerlei Gew\u00e4hr. Haftungsanspr\u00fcche gegen den Autor bzgl. Sch\u00e4den materieller oder ideeller Art, welche durch die Nutzung oder Nichtnutzung der hier gebotenen Informationen, gleichg\u00fcltig ob korrekter, fehlerhafter oder unvollst\u00e4ndiger Art, entstehen, sind grunds\u00e4tzlich ausgeschlossen, sofern seitens des Autors kein nachweislich vors\u00e4tzliches oder grob fahrl\u00e4ssiges Verschulden vorliegt. Der Autor beh\u00e4lt sich ausdr\u00fccklich vor, Teile der Homepage ohne vorherige Ank\u00fcndigung zu ver\u00e4ndern, zu erg\u00e4nzen oder zu l\u00f6schen. Ebenso beh\u00e4lt er sich das Recht vor, die gesamte Homepage zeitweise oder endg\u00fcltig unangek\u00fcndigt einzustellen.<\/p>\n\n\n\n<h3 class=\"wp-block-heading\">2. VERWEISE UND LINKS<\/h3>\n\n\n\n<p>Eine Haftungsverpflichtung bzgl. des Inhaltes von Internetseiten, die durch direkte oder indirekte Verweise \u00fcber diese Homepage zu erreichen und au\u00dferhalb des Verantwortungsbereiches des Autors liegen, k\u00f6nnen nur in Kraft treten, wenn der Autor von dem Inhalt Kenntnis hat, dieser rechtswidrig ist, und es dem Autor technisch m\u00f6glich und zumutbar w\u00e4re, die Verlinkung zu solchen Inhalten zu verhindern. Zum Zeitpunkt der Linksetzung wurde intensiv darauf geachtet, dass alle beeinflussbaren Verlinkungen \u00fcber keinerlei illegalen, als auch f\u00fcr die Jugend bedrohlichen Inhalte verf\u00fcgen. Auf Grund der Unbeeinflussbarkeit auf Ver\u00e4nderungen der Inhalte, jeglicher \u00fcber diese Homepage zu erreichenden Internetseiten, distanziert sich der Autor ausdr\u00fccklich von allen Inhalten verlinkter Seiten, die nach dem Zeitpunkt der Linksetzung ver\u00e4ndert und hinzugef\u00fcgt wurden und \u00fcbernimmt somit keine Haftung f\u00fcr diese. Der Autor weist au\u00dferdem ausdr\u00fccklich darauf hin, dass Sch\u00e4den jeglicher Art, welche durch die Nutzung oder Nichtnutzung solcher Fremd-Verlinkungen und -Informationen entstehen, zu Lasten des Anbieters der entsprechenden Seiten bzw. Information gehen und nicht zu Lasten dessen, der \u00fcber Links oder anderweitig auf diese jeweiligen Ver\u00f6ffentlichungen verweist.<\/p>\n\n\n\n<h3 class=\"wp-block-heading\">3. URHEBER- UND KENNZEICHNUNGSRECHT<\/h3>\n\n\n\n<p>Der Autor ist bestrebt, in jeglichen Publikationen die jeweiligen Urheberrechte der verwendeten Grafiken und Texte zu beachten. Sollte es jedoch vorgekommen sein, dass Kopierrechte, gleichg\u00fcltig welcher Art verletzt wurden, so bittet der Autor um sofortige Benachrichtigung, zur umgehenden Bereinigung der Kopierrechtsverletzung. S\u00e4mtliche auf dieser Homepage dargestellten Grafiken, Animationen und Texte, welche unter WEM Wandheizung GmbH verfasst und erstellt wurden, unterliegen den jeweiligen Kopierrechten des Autors. Es wird ausdr\u00fccklich darauf hingewiesen, dass das Kopieren, Vervielf\u00e4ltigen, Vermarkten und die Fremdverwendung solcher Materialien unerw\u00fcnscht ist und bei groben Vergehen auch evtl. rechtlich nachverfolgt wird. Eine Genehmigung zur Weiterverwendung der Objekte kann jedoch in verschiedenen F\u00e4llen erteilt werden.<\/p>\n\n\n\n<h3 class=\"wp-block-heading\">4. DATENSCHUTZ<\/h3>\n\n\n\n<p>Alle Eingaben pers\u00f6nlicher Daten auf dieser Homepage erfolgen auf ausdr\u00fccklich freiwilliger Basis. Jegliche Sch\u00e4den, die durch diese Eingaben entstehen, fallen somit zu Lasten des Benutzers, welcher diese Daten eingegeben hat.<\/p>\n","protected":false},"excerpt":{"rendered":"<p>SPREEWALD ENERGY GMBH Waldstr. 515913 Neu Zauche Telefon:&nbsp;035475 800692Mobil:&nbsp;0174 3438823Fax:&nbsp;035475 800689 E-Mail:&nbsp;info@spreewald-energy.deInternet:&nbsp;www.spreewald-energy.de Gesch\u00e4ftsf\u00fchrer: Heiko Lehmann Eingetragen beim:&nbsp;Amtsgericht Cottbus Handelsregister-Nr.:&nbsp;HRB 9041 CBSteuernummer:&nbsp;049\/118\/03378USt-IdNr.:&nbsp;DE 279502344Elektro-Installateurverzeichnis:&nbsp;MITNETZ STROMInstallateurverzeichnis:Lausitzer Wassergesellschaft STREITSCHLICHTUNG Die Europ\u00e4ische Kommission stellt eine Plattform zur Online-Streitbeilegung (OS) bereit:&nbsp;https:\/\/ec.europa.eu\/consumers\/odr.Unsere E-Mail-Adresse finden Sie oben im Impressum. Wir sind nicht bereit oder verpflichtet, an Streitbeilegungsverfahren vor einer Verbraucherschlichtungsstelle teilzunehmen. HAFTUNGSAUSSCHLUSS 1. &hellip; <\/p>\n<p class=\"link-more\"><a href=\"https:\/\/www.chill-charge.de\/?page_id=229\" class=\"more-link\"><span class=\"screen-reader-text\">\u201eImpressum\u201c<\/span> weiterlesen<\/a><\/p>\n","protected":false},"author":2,"featured_media":0,"parent":0,"menu_order":5,"comment_status":"closed","ping_status":"closed","template":"","meta":{"footnotes":""},"class_list":["post-229","page","type-page","status-publish","hentry"],"_links":{"self":[{"href":"https:\/\/www.chill-charge.de\/index.php?rest_route=\/wp\/v2\/pages\/229","targetHints":{"allow":["GET"]}}],"collection":[{"href":"https:\/\/www.chill-charge.de\/index.php?rest_route=\/wp\/v2\/pages"}],"about":[{"href":"https:\/\/www.chill-charge.de\/index.php?rest_route=\/wp\/v2\/types\/page"}],"author":[{"embeddable":true,"href":"https:\/\/www.chill-charge.de\/index.php?rest_route=\/wp\/v2\/users\/2"}],"replies":[{"embeddable":true,"href":"https:\/\/www.chill-charge.de\/index.php?rest_route=%2Fwp%2Fv2%2Fcomments&post=229"}],"version-history":[{"count":2,"href":"https:\/\/www.chill-charge.de\/index.php?rest_route=\/wp\/v2\/pages\/229\/revisions"}],"predecessor-version":[{"id":297,"href":"https:\/\/www.chill-charge.de\/index.php?rest_route=\/wp\/v2\/pages\/229\/revisions\/297"}],"wp:attachment":[{"href":"https:\/\/www.chill-charge.de\/index.php?rest_route=%2Fwp%2Fv2%2Fmedia&parent=229"}],"curies":[{"name":"wp","href":"https:\/\/api.w.org\/{rel}","templated":true}]}}